{"id":10,"date":"2022-10-17T12:08:22","date_gmt":"2022-10-17T12:08:22","guid":{"rendered":"https:\/\/supslovenia.com\/about-us\/"},"modified":"2023-01-12T13:56:08","modified_gmt":"2023-01-12T13:56:08","slug":"chi-siamo","status":"publish","type":"page","link":"https:\/\/supslovenia.com\/it\/about-us\/","title":{"rendered":"Chi siamo"},"content":{"rendered":"<p>Siamo un team di<strong> esperti di viaggio locali <\/strong>che desiderano aiutare le persone a scoprire ogni angolo della Slovenia. I tour in SUP sono un modo per far vivere ai turisti la Slovenia <strong>fuori dai sentieri battuti<\/strong> e da una prospettiva diversa.<\/p>\n\n\n\n<p>Il nostro Paese vanta diverse localit\u00e0 adatte al SUP, tra cui laghi, fiumi e mare, che parlano del suo <strong>diversit\u00e0<\/strong>. Con la recente crescita della popolarit\u00e0 dello stand-up paddle boarding, abbiamo voluto presentare la Slovenia come una destinazione perfetta per gli amanti di questo sport.<\/p>\n\n\n\n<figure class=\"wp-block-image size-large\"><img loading=\"lazy\" decoding=\"async\" width=\"1024\" height=\"489\" src=\"https:\/\/supslovenia.com\/wp-content\/uploads\/sup-bohinj-7-1024x489.webp\" alt=\"SUP Slovenia Lago di Bohinj\" class=\"wp-image-78\" srcset=\"https:\/\/supslovenia.com\/wp-content\/uploads\/sup-bohinj-7-1024x489.webp 1024w, https:\/\/supslovenia.com\/wp-content\/uploads\/sup-bohinj-7-300x143.webp 300w, https:\/\/supslovenia.com\/wp-content\/uploads\/sup-bohinj-7-768x367.webp 768w, https:\/\/supslovenia.com\/wp-content\/uploads\/sup-bohinj-7-1536x734.webp 1536w, https:\/\/supslovenia.com\/wp-content\/uploads\/sup-bohinj-7-2048x979.webp 2048w, https:\/\/supslovenia.com\/wp-content\/uploads\/sup-bohinj-7-18x9.webp 18w, https:\/\/supslovenia.com\/wp-content\/uploads\/sup-bohinj-7-scaled.webp 1920w\" sizes=\"auto, (max-width: 1024px) 100vw, 1024px\" \/><figcaption class=\"wp-element-caption\">Desideriamo aiutare le persone a scoprire ogni angolo della Slovenia.<\/figcaption><\/figure>\n\n\n\n<p>I tour in SUP in Slovenia non sono solo gite turistiche. Vi permettono di trascorrere le vostre vacanze in modo fisicamente attivo e circondati dalla natura. La nostra missione \u00e8 quella di rimanere incontaminati e mostrare la Slovenia cos\u00ec com'\u00e8, con la sua <strong>cultura autentica<\/strong> e <strong>paesaggio incontaminato<\/strong>.<\/p>\n\n\n\n<p>In seguito, lavoriamo a stretto contatto con il <strong>fornitori locali<\/strong> per garantire condizioni ottimali ai nostri clienti. I nostri prezzi rimangono bassi perch\u00e9 lavoriamo <strong>senza intermediari<\/strong>cio\u00e8 vi addebitiamo <strong>nessuna spesa nascosta<\/strong>.<\/p>\n\n\n\n<p>Scoprire <a href=\"https:\/\/supslovenia.com\/it\/\">SUP Slovenia<\/a> e fateci sapere come desiderate trascorrere le vostre vacanze attive.<\/p>\n\n\n\n<figure class=\"wp-block-image size-large\"><img loading=\"lazy\" decoding=\"async\" width=\"1024\" height=\"683\" src=\"https:\/\/supslovenia.com\/wp-content\/uploads\/sup-lj-10-1024x683.webp\" alt=\"Lubiana SUP Slovenia\" class=\"wp-image-87\" srcset=\"https:\/\/supslovenia.com\/wp-content\/uploads\/sup-lj-10-1024x683.webp 1024w, https:\/\/supslovenia.com\/wp-content\/uploads\/sup-lj-10-300x200.webp 300w, https:\/\/supslovenia.com\/wp-content\/uploads\/sup-lj-10-768x512.webp 768w, https:\/\/supslovenia.com\/wp-content\/uploads\/sup-lj-10-1536x1024.webp 1536w, https:\/\/supslovenia.com\/wp-content\/uploads\/sup-lj-10-2048x1365.webp 2048w, https:\/\/supslovenia.com\/wp-content\/uploads\/sup-lj-10-18x12.webp 18w, https:\/\/supslovenia.com\/wp-content\/uploads\/sup-lj-10-scaled.webp 1920w\" sizes=\"auto, (max-width: 1024px) 100vw, 1024px\" \/><figcaption class=\"wp-element-caption\">Scoprite la Slovenia da una prospettiva diversa, lontano dalla folla.<\/figcaption><\/figure>\n\n\n\n<p>Operiamo sotto il marchio ombrello di <a href=\"https:\/\/slovenia-discovery.com\/\">Slovenia Scoperta<\/a>. Come <strong>azienda finanziariamente protetta<\/strong>Ci assicuriamo che il vostro denaro sia al sicuro dopo aver prenotato un tour con noi.<\/p>\n\n\n\n<p>Se desiderate visitare la Slovenia e il SUP non fa per voi, potete consultare alcuni dei nostri partner di fiducia.&nbsp;<\/p>\n\n\n\n<p>Ci sono molti pacchetti vacanza diversi tra cui scegliere. <a href=\"https:\/\/sloveniatours.com\/\">Tour della Slovenia<\/a> e <a href=\"https:\/\/slovenia-holidays.com\/\">Vacanze in Slovenia<\/a>. Se desiderate includere lo stand-up paddling e altre esperienze all'aria aperta, potete provare <a href=\"https:\/\/adventure-holidays-slovenia.com\/\">Vacanze avventura in Slovenia<\/a>.<\/p>\n\n\n\n<p>Nel frattempo, gli amanti della vita all'aria aperta possono recarsi a <a href=\"https:\/\/huttohuthikingslovenia.com\/\">Escursioni da rifugio a rifugio Slovenia<\/a> o <a href=\"https:\/\/walking-holidays-slovenia.com\/\">Vacanze a piedi in Slovenia<\/a>.<\/p>\n\n\n\n<p>Si consiglia di esaminare <a href=\"https:\/\/fishing-guides-slovenia.com\/\">Guide di pesca Slovenia<\/a> per un approccio diverso ai tour a tema acquatico o date un'occhiata a uno dei tanti viaggi di <a href=\"https:\/\/day-trips-slovenia.com\/\">Gite di un giorno in Slovenia<\/a>.<\/p>","protected":false},"excerpt":{"rendered":"<p>Siamo un team di esperti di viaggi locali che desiderano aiutare le persone a scoprire ogni angolo della Slovenia. I tour in SUP sono un modo per i turisti di vivere la Slovenia al di fuori dei sentieri battuti e da una prospettiva diversa. Il nostro Paese vanta numerose localit\u00e0 adatte al SUP, tra cui laghi, fiumi e mare, che parlano della sua diversit\u00e0. Con la ... <a href=\"https:\/\/supslovenia.com\/it\/about-us\/\">Continua<\/a><\/p>","protected":false},"author":42,"featured_media":80,"parent":0,"menu_order":0,"comment_status":"open","ping_status":"open","template":"","meta":{"_acf_changed":false,"footnotes":""},"class_list":["post-10","page","type-page","status-publish","has-post-thumbnail","hentry"],"acf":{"page_subheading":"Learn more about the mission of SUP Slovenia, how our company operates, and the team behind making your dream summer holidays come to life."},"_links":{"self":[{"href":"https:\/\/supslovenia.com\/it\/wp-json\/wp\/v2\/pages\/10","targetHints":{"allow":["GET"]}}],"collection":[{"href":"https:\/\/supslovenia.com\/it\/wp-json\/wp\/v2\/pages"}],"about":[{"href":"https:\/\/supslovenia.com\/it\/wp-json\/wp\/v2\/types\/page"}],"author":[{"embeddable":true,"href":"https:\/\/supslovenia.com\/it\/wp-json\/wp\/v2\/users\/42"}],"replies":[{"embeddable":true,"href":"https:\/\/supslovenia.com\/it\/wp-json\/wp\/v2\/comments?post=10"}],"version-history":[{"count":6,"href":"https:\/\/supslovenia.com\/it\/wp-json\/wp\/v2\/pages\/10\/revisions"}],"predecessor-version":[{"id":238,"href":"https:\/\/supslovenia.com\/it\/wp-json\/wp\/v2\/pages\/10\/revisions\/238"}],"wp:featuredmedia":[{"embeddable":true,"href":"https:\/\/supslovenia.com\/it\/wp-json\/wp\/v2\/media\/80"}],"wp:attachment":[{"href":"https:\/\/supslovenia.com\/it\/wp-json\/wp\/v2\/media?parent=10"}],"curies":[{"name":"wp","href":"https:\/\/api.w.org\/{rel}","templated":true}]}}