{"id":16,"date":"2022-10-17T12:08:22","date_gmt":"2022-10-17T12:08:22","guid":{"rendered":"https:\/\/supslovenia.com\/climate-emergency\/"},"modified":"2022-11-19T18:12:40","modified_gmt":"2022-11-19T18:12:40","slug":"urgence-climatique","status":"publish","type":"page","link":"https:\/\/supslovenia.com\/fr\/climate-emergency\/","title":{"rendered":"Urgence climatique"},"content":{"rendered":"<h2 class=\"wp-block-heading\" id=\"headline-33-8554\">Nous d\u00e9clarons une urgence climatique<\/h2>\n\n\n\n<p>Nous avons adh\u00e9r\u00e9 \u00e0 Tourism Declares, une initiative qui aide les entreprises, les organisations et les particuliers du secteur du tourisme \u00e0 d\u00e9clarer une urgence climatique et \u00e0 prendre des mesures concr\u00e8tes pour r\u00e9duire leurs \u00e9missions de carbone, conform\u00e9ment aux recommandations du Groupe d'experts intergouvernemental sur l'\u00e9volution du climat (GIEC), qui pr\u00e9conise de r\u00e9duire les \u00e9missions mondiales de carbone de 55% par rapport aux niveaux de 2017 d'ici 2030.&nbsp;<\/p>\n\n\n\n<p>Comme tous les signataires, nous nous sommes engag\u00e9s \u00e0 mener les cinq actions suivantes :<\/p>\n\n\n\n<ol class=\"wp-block-list\">\n<li>\u00c9laborer un \"plan d'urgence climatique\" au cours des 12 prochains mois, qui d\u00e9finisse nos intentions en mati\u00e8re de r\u00e9duction des \u00e9missions de carbone au cours de la prochaine d\u00e9cennie.<\/li>\n\n\n\n<li>Partager une premi\u00e8re d\u00e9claration publique de notre \"plan d'urgence climatique\", et faire le point sur les progr\u00e8s r\u00e9alis\u00e9s chaque ann\u00e9e.<\/li>\n\n\n\n<li>Accepter l'avis actuel du GIEC indiquant la n\u00e9cessit\u00e9 de r\u00e9duire, d'ici \u00e0 2030, les \u00e9missions mondiales de carbone \u00e0 un niveau inf\u00e9rieur de 55% \u00e0 celui de 2017, afin de maintenir le r\u00e9chauffement de la plan\u00e8te \u00e0 1,5 degr\u00e9. Nous veillerons \u00e0 ce que notre \"Plan d'urgence climatique\" pr\u00e9voie des actions destin\u00e9es \u00e0 atteindre cet objectif, au minimum en r\u00e9duisant de mani\u00e8re transparente, mesurable et croissante les \u00e9missions totales de carbone par client r\u00e9sultant de nos activit\u00e9s et des services de voyage que nous vendons.&nbsp;<\/li>\n\n\n\n<li>Encourager nos fournisseurs et partenaires \u00e0 faire la m\u00eame d\u00e9claration ; partager les meilleures pratiques entre pairs ; et participer activement \u00e0 la communaut\u00e9 des D\u00e9clarations de Tourisme<\/li>\n\n\n\n<li>Plaider pour le changement. Nous reconnaissons la n\u00e9cessit\u00e9 d'un changement de syst\u00e8me dans l'ensemble du secteur pour acc\u00e9l\u00e9rer une transition \u00e9quitable vers un tourisme sans carbone.<\/li>\n<\/ol>\n\n\n\n<p>Veuillez envisager de d\u00e9clarer \u00e9galement \u00e0&nbsp;<a href=\"https:\/\/www.tourismdeclares.com\/\" target=\"_blank\" rel=\"noreferrer noopener\">www.tourismdeclares.com<\/a>et suivez @tourismdeclares sur Twitter, Facebook ou Linkedin.<\/p>","protected":false},"excerpt":{"rendered":"<p>Nous d\u00e9clarons une urgence climatique Nous avons adh\u00e9r\u00e9 \u00e0 Tourism Declares, une initiative qui soutient les entreprises, les organisations et les particuliers du secteur du tourisme \u00e0 d\u00e9clarer une urgence climatique et \u00e0 prendre des mesures cibl\u00e9es pour r\u00e9duire leurs \u00e9missions de carbone, conform\u00e9ment aux recommandations du Groupe d'experts intergouvernemental sur l'\u00e9volution du climat (GIEC) visant \u00e0 r\u00e9duire les \u00e9missions mondiales de carbone \u00e0 55% par rapport \u00e0 2017 ... <a href=\"https:\/\/supslovenia.com\/fr\/climate-emergency\/\">Suite<\/a><\/p>","protected":false},"author":42,"featured_media":0,"parent":0,"menu_order":0,"comment_status":"open","ping_status":"open","template":"","meta":{"_acf_changed":false,"footnotes":""},"class_list":["post-16","page","type-page","status-publish","hentry"],"acf":{"page_subheading":"Our commitment is shared by a global initiative that supports tourism businesses, organisations and individuals, all striving to be a part of the solution."},"_links":{"self":[{"href":"https:\/\/supslovenia.com\/fr\/wp-json\/wp\/v2\/pages\/16","targetHints":{"allow":["GET"]}}],"collection":[{"href":"https:\/\/supslovenia.com\/fr\/wp-json\/wp\/v2\/pages"}],"about":[{"href":"https:\/\/supslovenia.com\/fr\/wp-json\/wp\/v2\/types\/page"}],"author":[{"embeddable":true,"href":"https:\/\/supslovenia.com\/fr\/wp-json\/wp\/v2\/users\/42"}],"replies":[{"embeddable":true,"href":"https:\/\/supslovenia.com\/fr\/wp-json\/wp\/v2\/comments?post=16"}],"version-history":[{"count":1,"href":"https:\/\/supslovenia.com\/fr\/wp-json\/wp\/v2\/pages\/16\/revisions"}],"predecessor-version":[{"id":216,"href":"https:\/\/supslovenia.com\/fr\/wp-json\/wp\/v2\/pages\/16\/revisions\/216"}],"wp:attachment":[{"href":"https:\/\/supslovenia.com\/fr\/wp-json\/wp\/v2\/media?parent=16"}],"curies":[{"name":"wp","href":"https:\/\/api.w.org\/{rel}","templated":true}]}}