{"id":10,"date":"2022-10-17T12:08:22","date_gmt":"2022-10-17T12:08:22","guid":{"rendered":"https:\/\/supslovenia.com\/about-us\/"},"modified":"2023-01-12T13:56:08","modified_gmt":"2023-01-12T13:56:08","slug":"a-propos-de-nous","status":"publish","type":"page","link":"https:\/\/supslovenia.com\/fr\/about-us\/","title":{"rendered":"A propos de nous"},"content":{"rendered":"<p>Nous sommes une \u00e9quipe de<strong> experts en voyages locaux <\/strong>qui souhaitent aider les gens \u00e0 d\u00e9couvrir les moindres recoins de la Slov\u00e9nie. Les circuits SUP sont un moyen pour les touristes de d\u00e9couvrir la Slov\u00e9nie. <strong>hors des sentiers battus<\/strong> et d'un point de vue diff\u00e9rent.<\/p>\n\n\n\n<p>Notre pays peut se vanter d'avoir plusieurs endroits propices \u00e0 la SUP, notamment des lacs, des rivi\u00e8res et la mer, ce qui en dit long sur sa capacit\u00e9 d'accueil. <strong>diversit\u00e9<\/strong>. Avec la r\u00e9cente croissance de la popularit\u00e9 du stand-up paddle boarding, nous avons voulu pr\u00e9senter la Slov\u00e9nie comme une destination parfaite pour les amateurs de ce sport.<\/p>\n\n\n\n<figure class=\"wp-block-image size-large\"><img loading=\"lazy\" decoding=\"async\" width=\"1024\" height=\"489\" src=\"https:\/\/supslovenia.com\/wp-content\/uploads\/sup-bohinj-7-1024x489.webp\" alt=\"SUP Slov\u00e9nie Lac Bohinj\" class=\"wp-image-78\" srcset=\"https:\/\/supslovenia.com\/wp-content\/uploads\/sup-bohinj-7-1024x489.webp 1024w, https:\/\/supslovenia.com\/wp-content\/uploads\/sup-bohinj-7-300x143.webp 300w, https:\/\/supslovenia.com\/wp-content\/uploads\/sup-bohinj-7-768x367.webp 768w, https:\/\/supslovenia.com\/wp-content\/uploads\/sup-bohinj-7-1536x734.webp 1536w, https:\/\/supslovenia.com\/wp-content\/uploads\/sup-bohinj-7-2048x979.webp 2048w, https:\/\/supslovenia.com\/wp-content\/uploads\/sup-bohinj-7-18x9.webp 18w, https:\/\/supslovenia.com\/wp-content\/uploads\/sup-bohinj-7-scaled.webp 1920w\" sizes=\"auto, (max-width: 1024px) 100vw, 1024px\" \/><figcaption class=\"wp-element-caption\">Nous souhaitons aider les gens \u00e0 d\u00e9couvrir les moindres recoins de la Slov\u00e9nie.<\/figcaption><\/figure>\n\n\n\n<p>Les circuits SUP Slov\u00e9nie ne sont pas de simples visites touristiques. Ils vous permettent de passer vos vacances en \u00e9tant physiquement actif et entour\u00e9 par la nature. Notre mission est de pr\u00e9server la nature et de montrer la Slov\u00e9nie telle qu'elle est, avec ses <strong>culture authentique<\/strong> et <strong>paysage intact<\/strong>.<\/p>\n\n\n\n<p>Ensuite, nous travaillons en \u00e9troite collaboration avec le <strong>fournisseurs locaux<\/strong> pour garantir des conditions optimales \u00e0 nos clients. Nos prix restent bas parce que nous travaillons <strong>sans interm\u00e9diaire<\/strong>c'est-\u00e0-dire que nous vous facturons <strong>pas de frais cach\u00e9s<\/strong>.<\/p>\n\n\n\n<p>V\u00e9rifiez <a href=\"https:\/\/supslovenia.com\/fr\/\">SUP Slov\u00e9nie<\/a> et faites-nous savoir comment vous souhaitez passer vos vacances actives.<\/p>\n\n\n\n<figure class=\"wp-block-image size-large\"><img loading=\"lazy\" decoding=\"async\" width=\"1024\" height=\"683\" src=\"https:\/\/supslovenia.com\/wp-content\/uploads\/sup-lj-10-1024x683.webp\" alt=\"Ljubljana SUP Slov\u00e9nie\" class=\"wp-image-87\" srcset=\"https:\/\/supslovenia.com\/wp-content\/uploads\/sup-lj-10-1024x683.webp 1024w, https:\/\/supslovenia.com\/wp-content\/uploads\/sup-lj-10-300x200.webp 300w, https:\/\/supslovenia.com\/wp-content\/uploads\/sup-lj-10-768x512.webp 768w, https:\/\/supslovenia.com\/wp-content\/uploads\/sup-lj-10-1536x1024.webp 1536w, https:\/\/supslovenia.com\/wp-content\/uploads\/sup-lj-10-2048x1365.webp 2048w, https:\/\/supslovenia.com\/wp-content\/uploads\/sup-lj-10-18x12.webp 18w, https:\/\/supslovenia.com\/wp-content\/uploads\/sup-lj-10-scaled.webp 1920w\" sizes=\"auto, (max-width: 1024px) 100vw, 1024px\" \/><figcaption class=\"wp-element-caption\">D\u00e9couvrez la Slov\u00e9nie sous un angle diff\u00e9rent, loin des foules.<\/figcaption><\/figure>\n\n\n\n<p>Nous op\u00e9rons sous la marque ombrelle de <a href=\"https:\/\/slovenia-discovery.com\/\">D\u00e9couverte de la Slov\u00e9nie<\/a>. En tant que <strong>entreprise financi\u00e8rement prot\u00e9g\u00e9e<\/strong>Nous vous garantissons que votre argent est en s\u00e9curit\u00e9 apr\u00e8s avoir r\u00e9serv\u00e9 un circuit avec nous.<\/p>\n\n\n\n<p>Si vous souhaitez visiter la Slov\u00e9nie et que le SUP n'est pas votre tasse de th\u00e9, vous pouvez consulter certains de nos partenaires de confiance.&nbsp;<\/p>\n\n\n\n<p>Vous pouvez choisir parmi de nombreux forfaits vacances diff\u00e9rents sur le site de l'UE. <a href=\"https:\/\/sloveniatours.com\/\">Voyages en Slov\u00e9nie<\/a> et <a href=\"https:\/\/slovenia-holidays.com\/\">Vacances en Slov\u00e9nie<\/a>. Si vous souhaitez inclure le stand-up paddling et d'autres exp\u00e9riences de plein air, vous pouvez essayer <a href=\"https:\/\/adventure-holidays-slovenia.com\/\">Vacances d'aventure en Slov\u00e9nie<\/a>.<\/p>\n\n\n\n<p>Pendant ce temps, les amateurs de plein air peuvent se rendre \u00e0 <a href=\"https:\/\/huttohuthikingslovenia.com\/\">Randonn\u00e9e de cabane \u00e0 cabane en Slov\u00e9nie<\/a> ou <a href=\"https:\/\/walking-holidays-slovenia.com\/\">Vacances \u00e0 pied en Slov\u00e9nie<\/a>.<\/p>\n\n\n\n<p>Vous pourriez envisager de <a href=\"https:\/\/fishing-guides-slovenia.com\/\">Guides de p\u00eache Slov\u00e9nie<\/a> pour une approche diff\u00e9rente des visites guid\u00e9es sur le th\u00e8me de l'eau ou jetez un coup d'\u0153il \u00e0 l'une des nombreuses excursions propos\u00e9es \u00e0 <a href=\"https:\/\/day-trips-slovenia.com\/\">Excursions d'une journ\u00e9e en Slov\u00e9nie<\/a>.<\/p>","protected":false},"excerpt":{"rendered":"<p>Nous sommes une \u00e9quipe d'experts locaux en voyage qui souhaitent aider les gens \u00e0 d\u00e9couvrir les moindres recoins de la Slov\u00e9nie. Les tours de SUP sont un moyen pour les touristes de d\u00e9couvrir la Slov\u00e9nie hors des sentiers battus et d'un point de vue diff\u00e9rent. Notre pays poss\u00e8de plusieurs sites adapt\u00e9s au SUP, notamment des lacs, des rivi\u00e8res et la mer, ce qui t\u00e9moigne de sa diversit\u00e9. Avec la ... <a href=\"https:\/\/supslovenia.com\/fr\/about-us\/\">Suite<\/a><\/p>","protected":false},"author":42,"featured_media":80,"parent":0,"menu_order":0,"comment_status":"open","ping_status":"open","template":"","meta":{"_acf_changed":false,"footnotes":""},"class_list":["post-10","page","type-page","status-publish","has-post-thumbnail","hentry"],"acf":{"page_subheading":"Learn more about the mission of SUP Slovenia, how our company operates, and the team behind making your dream summer holidays come to life."},"_links":{"self":[{"href":"https:\/\/supslovenia.com\/fr\/wp-json\/wp\/v2\/pages\/10","targetHints":{"allow":["GET"]}}],"collection":[{"href":"https:\/\/supslovenia.com\/fr\/wp-json\/wp\/v2\/pages"}],"about":[{"href":"https:\/\/supslovenia.com\/fr\/wp-json\/wp\/v2\/types\/page"}],"author":[{"embeddable":true,"href":"https:\/\/supslovenia.com\/fr\/wp-json\/wp\/v2\/users\/42"}],"replies":[{"embeddable":true,"href":"https:\/\/supslovenia.com\/fr\/wp-json\/wp\/v2\/comments?post=10"}],"version-history":[{"count":6,"href":"https:\/\/supslovenia.com\/fr\/wp-json\/wp\/v2\/pages\/10\/revisions"}],"predecessor-version":[{"id":238,"href":"https:\/\/supslovenia.com\/fr\/wp-json\/wp\/v2\/pages\/10\/revisions\/238"}],"wp:featuredmedia":[{"embeddable":true,"href":"https:\/\/supslovenia.com\/fr\/wp-json\/wp\/v2\/media\/80"}],"wp:attachment":[{"href":"https:\/\/supslovenia.com\/fr\/wp-json\/wp\/v2\/media?parent=10"}],"curies":[{"name":"wp","href":"https:\/\/api.w.org\/{rel}","templated":true}]}}