{"id":17,"date":"2022-10-17T12:08:22","date_gmt":"2022-10-17T12:08:22","guid":{"rendered":"https:\/\/supslovenia.com\/sustainability\/"},"modified":"2022-11-19T18:13:15","modified_gmt":"2022-11-19T18:13:15","slug":"sostenibilidad","status":"publish","type":"page","link":"https:\/\/supslovenia.com\/es\/sustainability\/","title":{"rendered":"Sostenibilidad"},"content":{"rendered":"<h2 class=\"wp-block-heading\">DECLARACI\u00d3N DE OBJETIVOS<\/h2>\n\n\n\n<p>Somos una agencia de viajes receptiva con visi\u00f3n de futuro cuya misi\u00f3n es proporcionar a nuestros clientes una experiencia local \u00fanica y a\u00f1adir actividades a nuestra oferta local. Lo hacemos al tiempo que promovemos un compromiso cultural y respetuoso con el medio ambiente a trav\u00e9s de estrechos v\u00ednculos con los proveedores locales. Consideramos que es nuestro deber trabajar directamente con los proveedores, los clientes y la comunidad en general promoviendo la sostenibilidad a trav\u00e9s de la educaci\u00f3n y la preservaci\u00f3n de los recursos culturales y naturales de nuestros destinos.<\/p>\n\n\n\n<h2 class=\"wp-block-heading\">POL\u00cdTICA DE SOSTENIBILIDAD DE LEP D.O.O.<\/h2>\n\n\n\n<p>Nos dedicamos a proteger el medio ambiente y a reducir nuestro impacto negativo en la naturaleza. Nos comprometemos a actuar de la siguiente manera para preservar el medio ambiente:<\/p>\n\n\n\n<ul class=\"wp-block-list\">\n<li>respetar la legislaci\u00f3n de protecci\u00f3n del medio ambiente,<\/li>\n\n\n\n<li>controlar el impacto de nuestras actividades en el medio ambiente,<\/li>\n\n\n\n<li>cumplir los objetivos y medidas establecidos en la pol\u00edtica de sostenibilidad,<\/li>\n\n\n\n<li>informar a los empleados sobre nuestra pol\u00edtica, objetivos y acciones en materia de sostenibilidad<\/li>\n\n\n\n<li>informar a hu\u00e9spedes y proveedores de nuestros esfuerzos por reducir el impacto negativo de nuestra actividad en el medio ambiente y animarles a participar y apoyarnos,<\/li>\n\n\n\n<li>promover la movilidad sostenible y otras pr\u00e1cticas respetuosas con el medio ambiente entre nuestros empleados.<\/li>\n<\/ul>\n\n\n\n<p>Prestamos especial atenci\u00f3n a las siguientes \u00e1reas:<\/p>\n\n\n\n<h3 class=\"wp-block-heading\">CONSUMO DE ENERG\u00cdA<\/h3>\n\n\n\n<p>Nuestra empresa se compromete a mejorar continuamente su rendimiento energ\u00e9tico y a reducir su perfil de emisiones de gases de efecto invernadero.<\/p>\n\n\n\n<p>Para alcanzar sus objetivos, la empresa<\/p>\n\n\n\n<ol class=\"wp-block-list\">\n<li>Reducir la demanda de energ\u00eda en todas sus operaciones:<\/li>\n<\/ol>\n\n\n\n<p>Electrodom\u00e9sticos y aparatos electr\u00f3nicos - Compre productos de bajo consumo y util\u00edcelos de forma eficiente. Utilizar una regleta avanzada para reducir las \"cargas vampiro\"-&gt;la electricidad que se desperdicia cuando los aparatos electr\u00f3nicos no est\u00e1n en uso. Iluminaci\u00f3n -&gt; Adquirir productos energ\u00e9ticamente eficientes, utilizarlos de forma eficiente e incorporar m\u00e1s luz natural a nuestra oficina utilizando ventanas y claraboyas energ\u00e9ticamente eficientes. Calefacci\u00f3n y refrigeraci\u00f3n el\u00e9ctrica -&gt; Adquirir sistemas el\u00e9ctricos energ\u00e9ticamente eficientes y utilizarlos de forma eficiente. Aislar y sellar correctamente nuestra oficina.  Calentamiento el\u00e9ctrico del agua -&gt; Compre un calentador de agua el\u00e9ctrico energ\u00e9ticamente eficiente y util\u00edcelo de forma eficiente o seleccione un calentador de agua energ\u00e9ticamente eficiente que no utilice electricidad.<\/p>\n\n\n\n<ol class=\"wp-block-list\">\n<li>Utilizar la energ\u00eda de forma m\u00e1s eficiente<\/li>\n\n\n\n<li>Abastecerse de energ\u00eda procedente de fuentes renovables<\/li>\n\n\n\n<li>Controlar, medir e informar sobre los datos de consumo y generaci\u00f3n de energ\u00eda.<\/li>\n\n\n\n<li>Concienciar a todo el personal, estudiantes y contratistas sobre la responsabilidad de ahorrar energ\u00eda.<\/li>\n<\/ol>\n\n\n\n<p>Alquilamos locales en un edificio de oficinas de arquitectura ecol\u00f3gica que reduce dr\u00e1sticamente el consumo de energ\u00eda y gases de efecto invernadero gracias a una diligente elecci\u00f3n de materiales y una ingenier\u00eda impecable. La fachada ventilada de aluminio con aislamiento t\u00e9rmico, el acristalamiento multicapa, la posibilidad de abrir las ventanas, un sistema de control central para supervisar la refrigeraci\u00f3n\/calefacci\u00f3n y la calefacci\u00f3n urbana contribuyen adem\u00e1s a reducir los costes de funcionamiento.<\/p>\n\n\n\n<h3 class=\"wp-block-heading\">CONSUMO DE AGUA<\/h3>\n\n\n\n<p>En Lep d.o.o. utilizamos el agua con cuidado. Junto a los dos grifos de las oficinas hay pegatinas de colores que animan a nuestro personal a ahorrar agua.<\/p>\n\n\n\n<h3 class=\"wp-block-heading\">GESTI\u00d3N DE RESIDUOS<\/h3>\n\n\n\n<p>Nos esforzamos por reducir la cantidad de residuos producidos en la oficina, especialmente la cantidad de pl\u00e1stico. Para ello, compramos productos sin o con poco<br>embalaje. Siempre que es posible, los productos se compran a granel. Tambi\u00e9n separamos nuestros residuos (papel, pl\u00e1sticos y envases, vidrio), que se depositan en contenedores urbanos adecuados y se reciclan.<\/p>\n\n\n\n<h3 class=\"wp-block-heading\">CONSUMO DE OTROS RECURSOS (PAPEL)<\/h3>\n\n\n\n<p>Lep d.o.o, est\u00e1 reduciendo el consumo de papel centr\u00e1ndose en el marketing digital y la comunicaci\u00f3n en l\u00ednea. La impresi\u00f3n de los materiales restantes se planifica con cuidado y precisi\u00f3n para evitar materiales residuales no utilizados. Utilizamos papel reciclado certificado.<\/p>\n\n\n\n<h3 class=\"wp-block-heading\">POL\u00cdTICA DE RECURSOS HUMANOS<\/h3>\n\n\n\n<p>En nuestra empresa garantizamos unas buenas condiciones de trabajo. Respetamos la legislaci\u00f3n nacional e internacional en materia laboral y de derechos humanos. Los miembros de la plantilla reciben peri\u00f3dicamente programas de educaci\u00f3n y formaci\u00f3n y conocen las pol\u00edticas, objetivos y medidas de sostenibilidad de la empresa.<\/p>\n\n\n\n<h3 class=\"wp-block-heading\">POL\u00cdTICA DE COMPRAS<\/h3>\n\n\n\n<p>En nuestra empresa Lep d.o.o. somos conscientes de que comprando bienes y servicios locales contribuimos al bienestar de la comunidad local. Por ello, nuestra pol\u00edtica de compras da prioridad a los productos locales, as\u00ed como a los productos responsables con el medio ambiente y a los que cuentan con certificados de sostenibilidad (comercio justo, org\u00e1nico, FSC, etc.).<\/p>\n\n\n\n<h2 class=\"wp-block-heading\"><strong>OBJETIVO GENERAL<\/strong><\/h2>\n\n\n\n<p>Queremos compartir nuestra pasi\u00f3n por Eslovenia y nuestro conocimiento de su naturaleza, su historia y su gente con nuestros clientes, ofreci\u00e9ndoles viajes sostenibles que sean rentables para nuestra empresa y beneficiosos para las comunidades locales y el medio ambiente.<\/p>\n\n\n\n<p><strong>COMUNIDADES Y CULTURA<\/strong><\/p>\n\n\n\n<p>- Dirigir y apoyar proyectos de conservaci\u00f3n y educaci\u00f3n, y donar y apoyar a organizaciones ben\u00e9ficas e iniciativas en las comunidades visitadas.<\/p>\n\n\n\n<p>- Organizar viajes para maximizar los beneficios sobre el patrimonio cultural de las comunidades visitadas e incentivarlas para que mantengan y protejan su cultura.<\/p>\n\n\n\n<p>- Desarrollar la capacidad de las comunidades de acogida para ganarse la vida con el turismo, ayud\u00e1ndolas a formar parte de una red tur\u00edstica, a comprender el sector y a acceder al mercado.<\/p>\n\n\n\n<p><strong>RESPONSABILIDAD ECON\u00d3MICA<\/strong><\/p>\n\n\n\n<p>- Mantenga el dinero en el pa\u00eds (en la medida de lo posible) comprando en la zona y aloj\u00e1ndose en pensiones y hoteles familiares.<\/p>\n\n\n\n<p>- Proporcionar actividades generadoras de ingresos mediante la contrataci\u00f3n, la formaci\u00f3n y el fomento de la participaci\u00f3n de la poblaci\u00f3n local en la realizaci\u00f3n de nuestras excursiones y actividades.<\/p>\n\n\n\n<p>- Animar a nuestros hu\u00e9spedes a comprar artesan\u00eda y servicios locales<\/p>\n\n\n\n<p><strong>RESPONSABILIDAD MEDIOAMBIENTAL<\/strong><\/p>\n\n\n\n<p>- Ofrecer visitas guiadas de alta calidad y respetuosas con el medio ambiente gracias a nuestro enfoque l\u00edder en la formaci\u00f3n de nuestros gu\u00edas para que cumplan las normas internacionales de guiado.<\/p>\n\n\n\n<p>- Sensibilizar a las comunidades locales sobre la importancia de proteger el patrimonio natural de Eslovenia.<\/p>\n\n\n\n<p>- Apoyar e iniciar proyectos locales de reforestaci\u00f3n y conservaci\u00f3n<\/p>\n\n\n\n<p><strong>INDUSTRIA TUR\u00cdSTICA<\/strong><\/p>\n\n\n\n<p>- Defender un enfoque responsable del desarrollo tur\u00edstico<\/p>\n\n\n\n<p><strong>NUESTRO EQUIPO<\/strong><\/p>\n\n\n\n<p>- Proporcionar experiencias laborales gratificantes a nuestros j\u00f3venes empleados<\/p>\n\n\n\n<p>- Objetivos personales: seguimos apoyando al personal en la consecuci\u00f3n de sus objetivos personales.<\/p>\n\n\n\n<p>- Trabajo flexible: seguimos ofreciendo un entorno de trabajo flexible y, hasta la fecha, se han aprobado todas las solicitudes del personal para modificar sus pautas de trabajo.<\/p>\n\n\n\n<p>- Formaci\u00f3n: contribuci\u00f3n de 50% a los costes de formaci\u00f3n de 2 nuevos gu\u00edas para 2023<\/p>\n\n\n\n<p><strong>NUESTROS CLIENTES<\/strong><\/p>\n\n\n\n<p>- Mejorar la comunicaci\u00f3n sobre los aspectos responsables de nuestros viajes<\/p>\n\n\n\n<p>- Fomentar la contribuci\u00f3n de nuestros hu\u00e9spedes para ayudar a los ni\u00f1os de familias necesitadas de la zona. Alcanzar los 10000\u20ac en donaciones en 2024.<\/p>\n\n\n\n<h3 class=\"wp-block-heading\">PREMIO TRAVEL PARTNER<\/h3>\n\n\n\n<figure class=\"wp-block-image\"><img decoding=\"async\" src=\"https:\/\/960335.smushcdn.com\/2779545\/wp-content\/uploads\/partner-300x117.webp?lossy=1&amp;strip=1&amp;webp=1\" alt=\"\" class=\"wp-image-3451\"\/><\/figure>\n\n\n\n<p>El premio Socio Travelife es un reconocimiento a nuestro compromiso con la sostenibilidad social y medioambiental. Cumplimos, sobre la base de una autoevaluaci\u00f3n verificada, m\u00e1s de 100 criterios relacionados con la gesti\u00f3n de la sostenibilidad, el funcionamiento de las oficinas, el trabajo con los proveedores y la comunicaci\u00f3n con los clientes. Estamos trabajando para seguir mejorando, con el objetivo de alcanzar finalmente la fase de certificaci\u00f3n Travelife auditada por terceros.<\/p>\n\n\n\n<p>El equipo de Lep d.o.o. se complace en anunciar que estamos comprometidos con el&nbsp;<strong>Travelife para turoperadores y agencias de viajes<\/strong>&nbsp;programa. Travelife es un programa de formaci\u00f3n, gesti\u00f3n y certificaci\u00f3n en sostenibilidad tur\u00edstica reconocido internacionalmente y acreditado por el GSTC (Consejo Global de Turismo Sostenible). Se trata de un programa de certificaci\u00f3n en tres etapas para operadores tur\u00edsticos y agencias de viajes: (1) Travelife Engaged; (2) Travelife Partner y (3) Travelife Certified.<strong>&nbsp;El socio de Travelife<\/strong>&nbsp;es un reconocimiento a nuestro compromiso con la sostenibilidad social y medioambiental. Nos esforzamos por seguir mejorando para cumplir los criterios de la certificaci\u00f3n Travelife.<\/p>\n\n\n\n<p>Nuestros logros en materia de sostenibilidad se recogen en este Informe de sostenibilidad.<\/p>","protected":false},"excerpt":{"rendered":"<p>MISI\u00d3N Somos una agencia de viajes receptiva con visi\u00f3n de futuro cuya misi\u00f3n es proporcionar a nuestros clientes una experiencia local \u00fanica y a\u00f1adir actividades a nuestra oferta local. Hacemos esto al tiempo que promovemos el compromiso cultural y respetuoso con el medio ambiente a trav\u00e9s de estrechos v\u00ednculos con los proveedores locales. Consideramos que es nuestro deber trabajar directamente con los proveedores, ... <a href=\"https:\/\/supslovenia.com\/es\/sustainability\/\">Contin\u00faa en<\/a><\/p>","protected":false},"author":42,"featured_media":0,"parent":0,"menu_order":0,"comment_status":"open","ping_status":"open","template":"","meta":{"_acf_changed":false,"footnotes":""},"class_list":["post-17","page","type-page","status-publish","hentry"],"acf":{"page_subheading":"A healthy environment is essential to continue our work, which is why we choose sustainable practices and environmentally friendly ways to do it."},"_links":{"self":[{"href":"https:\/\/supslovenia.com\/es\/wp-json\/wp\/v2\/pages\/17","targetHints":{"allow":["GET"]}}],"collection":[{"href":"https:\/\/supslovenia.com\/es\/wp-json\/wp\/v2\/pages"}],"about":[{"href":"https:\/\/supslovenia.com\/es\/wp-json\/wp\/v2\/types\/page"}],"author":[{"embeddable":true,"href":"https:\/\/supslovenia.com\/es\/wp-json\/wp\/v2\/users\/42"}],"replies":[{"embeddable":true,"href":"https:\/\/supslovenia.com\/es\/wp-json\/wp\/v2\/comments?post=17"}],"version-history":[{"count":1,"href":"https:\/\/supslovenia.com\/es\/wp-json\/wp\/v2\/pages\/17\/revisions"}],"predecessor-version":[{"id":220,"href":"https:\/\/supslovenia.com\/es\/wp-json\/wp\/v2\/pages\/17\/revisions\/220"}],"wp:attachment":[{"href":"https:\/\/supslovenia.com\/es\/wp-json\/wp\/v2\/media?parent=17"}],"curies":[{"name":"wp","href":"https:\/\/api.w.org\/{rel}","templated":true}]}}