{"id":10,"date":"2022-10-17T12:08:22","date_gmt":"2022-10-17T12:08:22","guid":{"rendered":"https:\/\/supslovenia.com\/about-us\/"},"modified":"2023-01-12T13:56:08","modified_gmt":"2023-01-12T13:56:08","slug":"acerca-de-nosotros","status":"publish","type":"page","link":"https:\/\/supslovenia.com\/es\/about-us\/","title":{"rendered":"Qui\u00e9nes somos"},"content":{"rendered":"<p>Somos un equipo de<strong> expertos locales en viajes <\/strong>que desean ayudar a descubrir cada rinc\u00f3n de Eslovenia. Los viajes en SUP son una forma de que los turistas conozcan Eslovenia <strong>fuera de los caminos trillados<\/strong> y desde una perspectiva diferente.<\/p>\n\n\n\n<p>Nuestro pa\u00eds cuenta con varios lugares apropiados para la pr\u00e1ctica del SUP, como lagos, r\u00edos y el mar, lo que habla de su <strong>diversidad<\/strong>. Con el reciente crecimiento de la popularidad del stand-up paddle boarding, quer\u00edamos presentar Eslovenia como un destino perfecto para los amantes de este deporte.<\/p>\n\n\n\n<figure class=\"wp-block-image size-large\"><img loading=\"lazy\" decoding=\"async\" width=\"1024\" height=\"489\" src=\"https:\/\/supslovenia.com\/wp-content\/uploads\/sup-bohinj-7-1024x489.webp\" alt=\"SUP Eslovenia Lago Bohinj\" class=\"wp-image-78\" srcset=\"https:\/\/supslovenia.com\/wp-content\/uploads\/sup-bohinj-7-1024x489.webp 1024w, https:\/\/supslovenia.com\/wp-content\/uploads\/sup-bohinj-7-300x143.webp 300w, https:\/\/supslovenia.com\/wp-content\/uploads\/sup-bohinj-7-768x367.webp 768w, https:\/\/supslovenia.com\/wp-content\/uploads\/sup-bohinj-7-1536x734.webp 1536w, https:\/\/supslovenia.com\/wp-content\/uploads\/sup-bohinj-7-2048x979.webp 2048w, https:\/\/supslovenia.com\/wp-content\/uploads\/sup-bohinj-7-18x9.webp 18w, https:\/\/supslovenia.com\/wp-content\/uploads\/sup-bohinj-7-scaled.webp 1920w\" sizes=\"auto, (max-width: 1024px) 100vw, 1024px\" \/><figcaption class=\"wp-element-caption\">Queremos ayudar a descubrir todos los rincones de Eslovenia.<\/figcaption><\/figure>\n\n\n\n<p>Las excursiones de SUP por Eslovenia no son s\u00f3lo viajes tur\u00edsticos. Le permiten pasar unas vacaciones f\u00edsicamente activas y rodeado de naturaleza. Nuestra misi\u00f3n es mantener intacta y mostrar Eslovenia tal y como es, con su <strong>cultura aut\u00e9ntica<\/strong> y <strong>paisaje virgen<\/strong>.<\/p>\n\n\n\n<p>A continuaci\u00f3n, colaboramos estrechamente con el <strong>proveedores locales<\/strong> para garantizar unas condiciones \u00f3ptimas a nuestros clientes. Nuestros precios se mantienen bajos porque trabajamos <strong>sin intermediarios<\/strong>lo que significa que le cobramos <strong>sin gastos ocultos<\/strong>.<\/p>\n\n\n\n<p>Echa un vistazo <a href=\"https:\/\/supslovenia.com\/es\/\">SUP Eslovenia<\/a> y d\u00edganos c\u00f3mo desea pasar sus vacaciones activas.<\/p>\n\n\n\n<figure class=\"wp-block-image size-large\"><img loading=\"lazy\" decoding=\"async\" width=\"1024\" height=\"683\" src=\"https:\/\/supslovenia.com\/wp-content\/uploads\/sup-lj-10-1024x683.webp\" alt=\"Liubliana SUP Eslovenia\" class=\"wp-image-87\" srcset=\"https:\/\/supslovenia.com\/wp-content\/uploads\/sup-lj-10-1024x683.webp 1024w, https:\/\/supslovenia.com\/wp-content\/uploads\/sup-lj-10-300x200.webp 300w, https:\/\/supslovenia.com\/wp-content\/uploads\/sup-lj-10-768x512.webp 768w, https:\/\/supslovenia.com\/wp-content\/uploads\/sup-lj-10-1536x1024.webp 1536w, https:\/\/supslovenia.com\/wp-content\/uploads\/sup-lj-10-2048x1365.webp 2048w, https:\/\/supslovenia.com\/wp-content\/uploads\/sup-lj-10-18x12.webp 18w, https:\/\/supslovenia.com\/wp-content\/uploads\/sup-lj-10-scaled.webp 1920w\" sizes=\"auto, (max-width: 1024px) 100vw, 1024px\" \/><figcaption class=\"wp-element-caption\">Viva Eslovenia desde una perspectiva diferente, lejos de las multitudes.<\/figcaption><\/figure>\n\n\n\n<p>Operamos bajo la marca paraguas de <a href=\"https:\/\/slovenia-discovery.com\/\">Descubrir Eslovenia<\/a>. Como <strong>empresa financieramente protegida<\/strong>En el caso de las excursiones, nos aseguramos de que su dinero est\u00e9 seguro despu\u00e9s de reservar una excursi\u00f3n con nosotros.<\/p>\n\n\n\n<p>Si desea visitar Eslovenia y el SUP no es lo suyo, puede consultar algunos de nuestros socios de confianza.&nbsp;<\/p>\n\n\n\n<p>Hay muchos paquetes de vacaciones diferentes entre los que elegir en <a href=\"https:\/\/sloveniatours.com\/\">Eslovenia Tours<\/a> y <a href=\"https:\/\/slovenia-holidays.com\/\">Vacaciones en Eslovenia<\/a>. Si desea incluir el surf de remo y otras experiencias al aire libre, puede probar <a href=\"https:\/\/adventure-holidays-slovenia.com\/\">Vacaciones de aventura Eslovenia<\/a>.<\/p>\n\n\n\n<p>Mientras tanto, los amantes de las actividades al aire libre pueden dirigirse a <a href=\"https:\/\/huttohuthikingslovenia.com\/\">De caba\u00f1a en caba\u00f1a Senderismo Eslovenia<\/a> o <a href=\"https:\/\/walking-holidays-slovenia.com\/\">Vacaciones a pie Eslovenia<\/a>.<\/p>\n\n\n\n<p>Quiz\u00e1 le interese <a href=\"https:\/\/fishing-guides-slovenia.com\/\">Gu\u00edas de pesca Eslovenia<\/a> para un enfoque diferente de las excursiones tem\u00e1ticas acu\u00e1ticas o eche un vistazo a una de las muchas excursiones en <a href=\"https:\/\/day-trips-slovenia.com\/\">Excursiones de un d\u00eda Eslovenia<\/a>.<\/p>","protected":false},"excerpt":{"rendered":"<p>Somos un equipo de expertos locales en viajes que desea ayudar a descubrir todos los rincones de Eslovenia. Los viajes en SUP son una forma de que los turistas conozcan Eslovenia fuera de los caminos trillados y desde una perspectiva diferente. Nuestro pa\u00eds cuenta con varios lugares apropiados para la pr\u00e1ctica del SUP, como lagos, r\u00edos y el mar, lo que habla de su diversidad. Con la ... <a href=\"https:\/\/supslovenia.com\/es\/about-us\/\">Contin\u00faa en<\/a><\/p>","protected":false},"author":42,"featured_media":80,"parent":0,"menu_order":0,"comment_status":"open","ping_status":"open","template":"","meta":{"_acf_changed":false,"footnotes":""},"class_list":["post-10","page","type-page","status-publish","has-post-thumbnail","hentry"],"acf":{"page_subheading":"Learn more about the mission of SUP Slovenia, how our company operates, and the team behind making your dream summer holidays come to life."},"_links":{"self":[{"href":"https:\/\/supslovenia.com\/es\/wp-json\/wp\/v2\/pages\/10","targetHints":{"allow":["GET"]}}],"collection":[{"href":"https:\/\/supslovenia.com\/es\/wp-json\/wp\/v2\/pages"}],"about":[{"href":"https:\/\/supslovenia.com\/es\/wp-json\/wp\/v2\/types\/page"}],"author":[{"embeddable":true,"href":"https:\/\/supslovenia.com\/es\/wp-json\/wp\/v2\/users\/42"}],"replies":[{"embeddable":true,"href":"https:\/\/supslovenia.com\/es\/wp-json\/wp\/v2\/comments?post=10"}],"version-history":[{"count":6,"href":"https:\/\/supslovenia.com\/es\/wp-json\/wp\/v2\/pages\/10\/revisions"}],"predecessor-version":[{"id":238,"href":"https:\/\/supslovenia.com\/es\/wp-json\/wp\/v2\/pages\/10\/revisions\/238"}],"wp:featuredmedia":[{"embeddable":true,"href":"https:\/\/supslovenia.com\/es\/wp-json\/wp\/v2\/media\/80"}],"wp:attachment":[{"href":"https:\/\/supslovenia.com\/es\/wp-json\/wp\/v2\/media?parent=10"}],"curies":[{"name":"wp","href":"https:\/\/api.w.org\/{rel}","templated":true}]}}