{"id":10,"date":"2022-10-17T12:08:22","date_gmt":"2022-10-17T12:08:22","guid":{"rendered":"https:\/\/supslovenia.com\/about-us\/"},"modified":"2023-01-12T13:56:08","modified_gmt":"2023-01-12T13:56:08","slug":"uber-uns","status":"publish","type":"page","link":"https:\/\/supslovenia.com\/de\/about-us\/","title":{"rendered":"\u00dcber uns"},"content":{"rendered":"<p>Wir sind ein Team von<strong> lokale Reiseexperten <\/strong>die den Menschen helfen wollen, jeden Winkel Sloweniens zu entdecken. SUP-Touren sind eine M\u00f6glichkeit f\u00fcr Touristen, Slowenien zu erleben <strong>abseits der ausgetretenen Pfade<\/strong> und aus einer anderen Perspektive.<\/p>\n\n\n\n<p>Unser Land verf\u00fcgt \u00fcber mehrere SUP-geeignete Orte, darunter Seen, Fl\u00fcsse und das Meer, was f\u00fcr seine <strong>Vielfalt<\/strong>. Da Stand-up-Paddle-Boarding in letzter Zeit immer beliebter wird, wollten wir Slowenien als perfektes Reiseziel f\u00fcr Liebhaber dieser Sportart vorstellen.<\/p>\n\n\n\n<figure class=\"wp-block-image size-large\"><img loading=\"lazy\" decoding=\"async\" width=\"1024\" height=\"489\" src=\"https:\/\/supslovenia.com\/wp-content\/uploads\/sup-bohinj-7-1024x489.webp\" alt=\"SUP Slowenien Bohinjer See\" class=\"wp-image-78\" srcset=\"https:\/\/supslovenia.com\/wp-content\/uploads\/sup-bohinj-7-1024x489.webp 1024w, https:\/\/supslovenia.com\/wp-content\/uploads\/sup-bohinj-7-300x143.webp 300w, https:\/\/supslovenia.com\/wp-content\/uploads\/sup-bohinj-7-768x367.webp 768w, https:\/\/supslovenia.com\/wp-content\/uploads\/sup-bohinj-7-1536x734.webp 1536w, https:\/\/supslovenia.com\/wp-content\/uploads\/sup-bohinj-7-2048x979.webp 2048w, https:\/\/supslovenia.com\/wp-content\/uploads\/sup-bohinj-7-18x9.webp 18w, https:\/\/supslovenia.com\/wp-content\/uploads\/sup-bohinj-7-scaled.webp 1920w\" sizes=\"auto, (max-width: 1024px) 100vw, 1024px\" \/><figcaption class=\"wp-element-caption\">Wir m\u00f6chten den Menschen helfen, jeden Winkel Sloweniens zu entdecken.<\/figcaption><\/figure>\n\n\n\n<p>SUP Slowenien-Touren sind nicht nur Sightseeing-Touren. Sie erm\u00f6glichen es Ihnen, Ihren Urlaub k\u00f6rperlich aktiv und inmitten der Natur zu verbringen. Unsere Mission ist es, Slowenien so zu zeigen, wie es ist, mit seiner Urspr\u00fcnglichkeit <strong>authentische Kultur<\/strong> und <strong>unber\u00fchrte Landschaft<\/strong>.<\/p>\n\n\n\n<p>Im Anschluss daran arbeiten wir eng mit der <strong>lokale Anbieter<\/strong> um optimale Bedingungen f\u00fcr unsere Kunden zu gew\u00e4hrleisten. Unsere Preise bleiben niedrig, weil wir arbeiten <strong>ohne Mittelsm\u00e4nner<\/strong>das hei\u00dft, wir berechnen Ihnen <strong>keine versteckten Geb\u00fchren<\/strong>.<\/p>\n\n\n\n<p>\u00dcberpr\u00fcfen Sie <a href=\"https:\/\/supslovenia.com\/de\/\">SUP Slowenien<\/a> und lassen Sie uns wissen, wie Sie Ihren Aktivurlaub verbringen m\u00f6chten.<\/p>\n\n\n\n<figure class=\"wp-block-image size-large\"><img loading=\"lazy\" decoding=\"async\" width=\"1024\" height=\"683\" src=\"https:\/\/supslovenia.com\/wp-content\/uploads\/sup-lj-10-1024x683.webp\" alt=\"Ljubljana SUP Slowenien\" class=\"wp-image-87\" srcset=\"https:\/\/supslovenia.com\/wp-content\/uploads\/sup-lj-10-1024x683.webp 1024w, https:\/\/supslovenia.com\/wp-content\/uploads\/sup-lj-10-300x200.webp 300w, https:\/\/supslovenia.com\/wp-content\/uploads\/sup-lj-10-768x512.webp 768w, https:\/\/supslovenia.com\/wp-content\/uploads\/sup-lj-10-1536x1024.webp 1536w, https:\/\/supslovenia.com\/wp-content\/uploads\/sup-lj-10-2048x1365.webp 2048w, https:\/\/supslovenia.com\/wp-content\/uploads\/sup-lj-10-18x12.webp 18w, https:\/\/supslovenia.com\/wp-content\/uploads\/sup-lj-10-scaled.webp 1920w\" sizes=\"auto, (max-width: 1024px) 100vw, 1024px\" \/><figcaption class=\"wp-element-caption\">Erleben Sie Slowenien aus einer anderen Perspektive, abseits der Touristenstr\u00f6me.<\/figcaption><\/figure>\n\n\n\n<p>Wir arbeiten unter der Dachmarke <a href=\"https:\/\/slovenia-discovery.com\/\">Slowenien Entdeckung<\/a>. Als <strong>Finanziell abgesichertes Unternehmen<\/strong>Wir sorgen daf\u00fcr, dass Ihr Geld nach der Buchung einer Tour bei uns sicher ist.<\/p>\n\n\n\n<p>Wenn Sie Slowenien besuchen m\u00f6chten und SUP nicht Ihr Ding ist, k\u00f6nnen Sie sich bei einigen unserer vertrauensw\u00fcrdigen Partner umsehen.&nbsp;<\/p>\n\n\n\n<p>Es gibt viele verschiedene Urlaubspakete, aus denen Sie w\u00e4hlen k\u00f6nnen unter <a href=\"https:\/\/sloveniatours.com\/\">Slowenien Touren<\/a> und <a href=\"https:\/\/slovenia-holidays.com\/\">Slowenien Ferien<\/a>. Wenn Sie Stand-up-Paddling und andere Outdoor-Erlebnisse einbeziehen m\u00f6chten, k\u00f6nnen Sie Folgendes versuchen <a href=\"https:\/\/adventure-holidays-slovenia.com\/\">Abenteuerurlaub Slowenien<\/a>.<\/p>\n\n\n\n<p>In der Zwischenzeit k\u00f6nnen sich Outdoor-Fans auf den <a href=\"https:\/\/huttohuthikingslovenia.com\/\">H\u00fctte zu H\u00fctte Wandern Slowenien<\/a> oder <a href=\"https:\/\/walking-holidays-slovenia.com\/\">Wanderurlaub Slowenien<\/a>.<\/p>\n\n\n\n<p>Sie sollten sich vielleicht mit folgenden Themen befassen <a href=\"https:\/\/fishing-guides-slovenia.com\/\">Angelf\u00fchrer Slowenien<\/a> f\u00fcr eine andere Herangehensweise an Wasser-Themen-Touren oder schauen Sie sich eine der vielen Touren unter <a href=\"https:\/\/day-trips-slovenia.com\/\">Tagesausfl\u00fcge Slowenien<\/a>.<\/p>","protected":false},"excerpt":{"rendered":"<p>Wir sind ein Team von lokalen Reiseexperten, die den Menschen helfen wollen, jeden Winkel Sloweniens zu entdecken. SUP-Touren sind eine M\u00f6glichkeit f\u00fcr Touristen, Slowenien abseits der ausgetretenen Pfade und aus einer anderen Perspektive zu erleben. Unser Land verf\u00fcgt \u00fcber mehrere SUP-geeignete Orte, darunter Seen, Fl\u00fcsse und das Meer, was von seiner Vielfalt zeugt. Mit dem ... <a href=\"https:\/\/supslovenia.com\/de\/about-us\/\">Fortsetzung<\/a><\/p>","protected":false},"author":42,"featured_media":80,"parent":0,"menu_order":0,"comment_status":"open","ping_status":"open","template":"","meta":{"_acf_changed":false,"footnotes":""},"class_list":["post-10","page","type-page","status-publish","has-post-thumbnail","hentry"],"acf":{"page_subheading":"Learn more about the mission of SUP Slovenia, how our company operates, and the team behind making your dream summer holidays come to life."},"_links":{"self":[{"href":"https:\/\/supslovenia.com\/de\/wp-json\/wp\/v2\/pages\/10","targetHints":{"allow":["GET"]}}],"collection":[{"href":"https:\/\/supslovenia.com\/de\/wp-json\/wp\/v2\/pages"}],"about":[{"href":"https:\/\/supslovenia.com\/de\/wp-json\/wp\/v2\/types\/page"}],"author":[{"embeddable":true,"href":"https:\/\/supslovenia.com\/de\/wp-json\/wp\/v2\/users\/42"}],"replies":[{"embeddable":true,"href":"https:\/\/supslovenia.com\/de\/wp-json\/wp\/v2\/comments?post=10"}],"version-history":[{"count":6,"href":"https:\/\/supslovenia.com\/de\/wp-json\/wp\/v2\/pages\/10\/revisions"}],"predecessor-version":[{"id":238,"href":"https:\/\/supslovenia.com\/de\/wp-json\/wp\/v2\/pages\/10\/revisions\/238"}],"wp:featuredmedia":[{"embeddable":true,"href":"https:\/\/supslovenia.com\/de\/wp-json\/wp\/v2\/media\/80"}],"wp:attachment":[{"href":"https:\/\/supslovenia.com\/de\/wp-json\/wp\/v2\/media?parent=10"}],"curies":[{"name":"wp","href":"https:\/\/api.w.org\/{rel}","templated":true}]}}